{"id":3925,"date":"2022-08-26T03:50:26","date_gmt":"2022-08-26T03:50:26","guid":{"rendered":"https:\/\/demosites.io\/real-estate-agency\/?page_id=3925"},"modified":"2025-10-04T08:58:47","modified_gmt":"2025-10-04T08:58:47","slug":"contacto","status":"publish","type":"page","link":"https:\/\/carpinteriarey.es\/gl\/contacto\/","title":{"rendered":"Contacto"},"content":{"rendered":"<div data-elementor-type=\"wp-page\" data-elementor-id=\"3925\" class=\"elementor elementor-3925\">\n\t\t\t\t\t\t\t\t\t<section class=\"elementor-section elementor-top-section elementor-element elementor-element-7a70616 elementor-section-boxed elementor-section-height-default elementor-section-height-default\" data-id=\"7a70616\" data-element_type=\"section\" data-settings=\"{&quot;background_background&quot;:&quot;classic&quot;}\">\n\t\t\t\t\t\t<div class=\"elementor-container elementor-column-gap-default\">\n\t\t\t\t\t<div class=\"elementor-column elementor-col-100 elementor-top-column elementor-element elementor-element-7901e1c\" data-id=\"7901e1c\" data-element_type=\"column\">\n\t\t\t<div class=\"elementor-widget-wrap elementor-element-populated\">\n\t\t\t\t\t\t\t\t<section class=\"elementor-section elementor-inner-section elementor-element elementor-element-e9880fa elementor-section-content-top elementor-reverse-mobile elementor-section-boxed elementor-section-height-default elementor-section-height-default\" data-id=\"e9880fa\" data-element_type=\"section\">\n\t\t\t\t\t\t<div class=\"elementor-container elementor-column-gap-extended\">\n\t\t\t\t\t<div class=\"elementor-column elementor-col-50 elementor-inner-column elementor-element elementor-element-80dced3\" data-id=\"80dced3\" data-element_type=\"column\" data-settings=\"{&quot;background_background&quot;:&quot;classic&quot;}\">\n\t\t\t<div class=\"elementor-widget-wrap elementor-element-populated\">\n\t\t\t\t\t\t\t\t<div class=\"elementor-element elementor-element-02ed21b elementor-widget elementor-widget-spacer\" data-id=\"02ed21b\" data-element_type=\"widget\" data-widget_type=\"spacer.default\">\n\t\t\t\t<div class=\"elementor-widget-container\">\n\t\t\t<style>\/*! elementor - v3.11.2 - 22-02-2023 *\/\n.elementor-column .elementor-spacer-inner{height:var(--spacer-size)}.e-con{--container-widget-width:100%}.e-con-inner>.elementor-widget-spacer,.e-con>.elementor-widget-spacer{width:var(--container-widget-width,var(--spacer-size));--align-self:var(--container-widget-align-self,initial);--flex-shrink:0}.e-con-inner>.elementor-widget-spacer>.elementor-widget-container,.e-con-inner>.elementor-widget-spacer>.elementor-widget-container>.elementor-spacer,.e-con>.elementor-widget-spacer>.elementor-widget-container,.e-con>.elementor-widget-spacer>.elementor-widget-container>.elementor-spacer{height:100%}.e-con-inner>.elementor-widget-spacer>.elementor-widget-container>.elementor-spacer>.elementor-spacer-inner,.e-con>.elementor-widget-spacer>.elementor-widget-container>.elementor-spacer>.elementor-spacer-inner{height:var(--container-widget-height,var(--spacer-size))}<\/style>\t\t<div class=\"elementor-spacer\">\n\t\t\t<div class=\"elementor-spacer-inner\"><\/div>\n\t\t<\/div>\n\t\t\t\t<\/div>\n\t\t\t\t<\/div>\n\t\t\t\t<div class=\"elementor-element elementor-element-94a7722 elementor-view-default elementor-mobile-position-top elementor-vertical-align-top elementor-widget elementor-widget-icon-box\" data-id=\"94a7722\" data-element_type=\"widget\" data-widget_type=\"icon-box.default\">\n\t\t\t\t<div class=\"elementor-widget-container\">\n\t\t\t<link rel=\"stylesheet\" href=\"http:\/\/carpinteriarey.es\/wp-content\/plugins\/elementor\/assets\/css\/widget-icon-box.min.css\">\t\t<div class=\"elementor-icon-box-wrapper\">\n\t\t\t\t\t\t<div class=\"elementor-icon-box-icon\">\n\t\t\t\t<a class=\"elementor-icon elementor-animation-\" href=\"tel: 34696098125\">\n\t\t\t\t<svg xmlns=\"http:\/\/www.w3.org\/2000\/svg\" viewbox=\"0 0 1800 1800\" aria-hidden=\"true\"><path d=\"M1767.747,1435.832c-8.327-8.648-16.937-17.587-27.429-25.664 c-103.501-79.709-216.736-152.819-346.173-223.501c-20.847-11.386-37.313-20.372-55.837-20.372 c-24.734,0-41.76,15.473-63.32,35.063c-23.946,21.767-47.108,43.659-69.258,65.44c-12.17,11.963-24.041,23.89-35.543,35.738 c-2.982,3.074-6.067,5.62-9.285,7.808c-11.248,7.644-24.399,10.098-42.976,8.472c-48.55-4.284-97.64-18.685-150.077-44.016 c-90.392-43.678-173.444-109.723-253.898-201.906C614.263,958.662,545.58,840.776,503.974,712.499l-3.809-11.659 c-5.327-16.218-11.359-34.603-10.182-38.525c0.732-2.462,4.585-7.013,10.156-12.735c6.298-6.481,14.801-14.471,23.58-22.712 l3.199-2.999c6.12-5.753,12.417-11.45,18.768-17.112c14.514-12.941,29.429-25.659,44.021-38.067 c15.198-12.918,30.911-26.278,46.175-39.916c36.324-32.467,44.016-51.174,17.996-97.932 c-50.232-90.262-107.172-192.566-167.25-292.054c-17.626-29.176-39.149-55.296-59.957-80.559 c-8.996-10.923-18.302-22.216-26.94-33.365c-5.914-7.636-15.033-12.104-24.695-12.104h-10.034c-7.396,0-14.548,2.624-20.193,7.401 c-98.015,83.013-177.31,183.569-253.999,280.813L76.278,319.39c-14.47,18.318-27.646,37.487-40.386,56.02 c-5.758,8.373-11.515,16.75-17.382,25.036c-3.74,5.278-5.749,11.589-5.749,18.058v26.748c0,2.158,0.223,4.307,0.667,6.417 c2.262,10.778,4.376,21.596,6.495,32.414c4.698,24.042,9.563,48.903,16.065,73.441c34.742,131.062,92.31,257.189,175.989,385.601 c178.238,273.49,402.429,500.615,666.353,675.062c121.573,80.354,239.724,131.476,361.202,156.279 c17.064,3.487,34.209,6.167,50.79,8.757c7.509,1.172,15.019,2.349,22.516,3.596c1.695,0.284,3.413,0.423,5.13,0.423h63.53 c5.287,0,10.491-1.342,15.12-3.901c127.227-70.352,238.143-158.521,329.863-235.488c13.378-11.224,25.184-23.466,36.6-35.303 c4.938-5.117,9.877-10.238,14.915-15.237c5.914-5.867,9.244-13.852,9.244-22.187v-6.685c0-8.421-3.399-16.489-9.432-22.369 C1774.39,1442.736,1771.068,1439.283,1767.747,1435.832z M366.832,83.813c3.892,4.772,7.78,9.493,11.611,14.148 c20.28,24.612,39.431,47.866,54.7,73.132c59.503,98.534,116.155,200.328,166.135,290.131c2.549,4.585,4.494,8.242,5.818,10.961 c-3.278,3.226-7.911,7.361-10.857,9.994c-14.684,13.128-30.1,26.23-45.006,38.904c-15.778,13.416-31.944,27.176-47.81,41.407 l-300.029-300.03C252.538,199.507,306.375,137.786,366.832,83.813z M1373.382,1724.754h-52.847 c-6.854-1.123-13.708-2.196-20.568-3.268c-16.603-2.594-32.289-5.047-47.932-8.242c-113.5-23.176-224.475-71.322-339.252-147.188 c-256.744-169.703-474.92-390.765-648.46-657.046C184.335,786.255,129.4,666.046,96.384,541.518 c-5.971-22.547-10.426-45.32-15.141-69.432c-1.961-10.028-3.927-20.058-5.998-30.06v-13.647c4.071-5.84,8.103-11.707,12.138-17.574 c12.719-18.506,24.74-35.988,37.928-52.682l14.563-18.455c7.375-9.353,14.784-18.741,22.224-28.134l293.867,293.866 c-13.333,13.698-21.64,24.939-25.846,39.004c-6.791,22.7-0.214,42.731,10.674,75.917l3.748,11.454 c44.257,136.467,116.984,261.484,222.334,382.201c86.104,98.661,175.663,169.671,273.792,217.084 c59.367,28.683,115.554,45.036,171.779,49.997c5.417,0.478,10.709,0.718,15.725,0.718c0.005,0,0.005,0,0.005,0 c30.471,0,55.886-8.813,77.315-26.844l291.775,291.773C1457.921,1674.061,1416.589,1700.514,1373.382,1724.754z M1686.313,1499.989 c-41.934,35.194-87.985,72.757-137.669,109.723l-298.73-298.731c21.453-21.078,43.89-42.285,67.095-63.382 c6.604-6.001,17.274-15.694,22.111-18.533c5.235,1.604,17.492,8.299,25.084,12.44c126.542,69.104,237.096,140.467,337.992,218.171 c4.476,3.443,8.878,7.602,13.372,12.126C1705.725,1481.992,1696.311,1491.6,1686.313,1499.989z\"><\/path><path d=\"M1659.155,901.129c-66.448,0-120.505-54.059-120.505-120.505c0-258.807-210.553-469.359-469.359-469.359 c-66.447,0-120.505-54.059-120.505-120.505c0-66.446,54.058-120.505,120.505-120.505c391.698,0,710.369,318.671,710.369,710.37 C1779.66,847.07,1725.6,901.129,1659.155,901.129z M1069.291,132.739c-31.992,0-58.021,26.028-58.021,58.021 c0,31.992,26.029,58.021,58.021,58.021c293.259,0,531.843,238.582,531.843,531.843c0,31.992,26.029,58.021,58.021,58.021 c31.991,0,58.021-26.029,58.021-58.021C1717.176,423.379,1426.534,132.739,1069.291,132.739z\"><\/path><path d=\"M1348.582,982.494c-50.059,0-90.779-40.722-90.779-90.78c0-166.88-135.77-302.649-302.649-302.649 c-50.058,0-90.78-40.722-90.78-90.78c0-50.058,40.723-90.78,90.78-90.78c266.991,0,484.208,217.217,484.208,484.208 C1439.361,941.772,1398.64,982.494,1348.582,982.494z M955.153,469.99c-15.604,0-28.296,12.692-28.296,28.296 c0,15.604,12.692,28.295,28.296,28.295c201.334,0,365.133,163.799,365.133,365.133c0,15.604,12.692,28.295,28.296,28.295 s28.295-12.691,28.295-28.295C1376.877,659.173,1187.695,469.99,955.153,469.99z\"><\/path><\/svg>\t\t\t\t<\/a>\n\t\t\t<\/div>\n\t\t\t\t\t\t<div class=\"elementor-icon-box-content\">\n\t\t\t\t<h3 class=\"elementor-icon-box-title\">\n\t\t\t\t\t<a href=\"tel: 34696098125\" >\n\t\t\t\t\t\tCh\u00e1manos\t\t\t\t\t<\/a>\n\t\t\t\t<\/h3>\n\t\t\t\t\t\t\t\t\t<p class=\"elementor-icon-box-description\">\n\t\t\t\t\t\t+34 696 09 81 25 - Carlos\t\t\t\t\t<\/p>\n\t\t\t\t\t\t\t<\/div>\n\t\t<\/div>\n\t\t\t\t<\/div>\n\t\t\t\t<\/div>\n\t\t\t\t\t<\/div>\n\t\t<\/div>\n\t\t\t\t<div class=\"elementor-column elementor-col-50 elementor-inner-column elementor-element elementor-element-7993b11\" data-id=\"7993b11\" data-element_type=\"column\" data-settings=\"{&quot;background_background&quot;:&quot;classic&quot;}\">\n\t\t\t<div class=\"elementor-widget-wrap elementor-element-populated\">\n\t\t\t\t\t\t\t\t<div class=\"elementor-element elementor-element-913fe78 elementor-widget elementor-widget-spacer\" data-id=\"913fe78\" data-element_type=\"widget\" data-widget_type=\"spacer.default\">\n\t\t\t\t<div class=\"elementor-widget-container\">\n\t\t\t\t\t<div class=\"elementor-spacer\">\n\t\t\t<div class=\"elementor-spacer-inner\"><\/div>\n\t\t<\/div>\n\t\t\t\t<\/div>\n\t\t\t\t<\/div>\n\t\t\t\t<div class=\"elementor-element elementor-element-50c7d17 elementor-view-default elementor-mobile-position-top elementor-vertical-align-top elementor-widget elementor-widget-icon-box\" data-id=\"50c7d17\" data-element_type=\"widget\" data-widget_type=\"icon-box.default\">\n\t\t\t\t<div class=\"elementor-widget-container\">\n\t\t\t\t\t<div class=\"elementor-icon-box-wrapper\">\n\t\t\t\t\t\t<div class=\"elementor-icon-box-icon\">\n\t\t\t\t<a class=\"elementor-icon elementor-animation-\" href=\"mailto:carlosrp_85@hotmail.com?subject=Asunto\">\n\t\t\t\t<svg xmlns=\"http:\/\/www.w3.org\/2000\/svg\" viewbox=\"0 0 1800 1800\" aria-hidden=\"true\"><path d=\"M531.087,344.727c0.247,0,0.492,0.033,0.739,0.033h453.558c16.819,0,30.444-13.625,30.444-30.436 c0-16.815-13.625-30.435-30.444-30.435H638.226H531.826c-16.811,0-30.44,13.62-30.44,30.435 C501.386,330.885,514.624,344.331,531.087,344.727z\"><\/path><path d=\"M531.826,497.389h749.422c16.814,0,30.443-13.629,30.443-30.439c0-16.814-13.629-30.439-30.443-30.439 H531.826c-16.811,0-30.44,13.625-30.44,30.439C501.386,483.76,515.016,497.389,531.826,497.389z\"><\/path><path d=\"M531.826,650.009h749.422c16.814,0,30.443-13.633,30.443-30.444c0-8.872-3.822-16.827-9.877-22.389 c-5.424-4.982-12.625-8.046-20.566-8.046H531.826c-7.938,0-15.143,3.064-20.567,8.046c-6.054,5.562-9.873,13.517-9.873,22.389 C501.386,636.376,515.016,650.009,531.826,650.009z\"><\/path><path d=\"M1311.691,772.194c0-16.806-13.629-30.436-30.443-30.436H531.826c-16.811,0-30.44,13.629-30.44,30.436 c0,16.815,13.629,30.444,30.44,30.444h749.422C1298.063,802.638,1311.691,789.009,1311.691,772.194z\"><\/path><path d=\"M1772.088,533.511c-2.481-3.422-5.691-6.4-9.603-8.622l-246.454-139.961v-82.389v-9.853 c-1.264-7.738-5.432-14.501-11.406-19.066l-49.465-42.835l-131.073-113.508l-61.889-53.596c-5.286-4.582-11.866-7.021-18.591-7.275 h-2.197H937.55h-66.904H383.746c-47.809,0-86.705,38.895-86.705,86.696V382.15L61.554,515.893 c-31.678,11.565-54.396,41.913-54.396,77.54v1067.543c0,45.554,37.064,82.618,82.622,82.618h1625.598 c45.558,0,82.623-37.064,82.623-82.618V593.433C1798,569.839,1788.002,548.583,1772.088,533.511z M1614.426,510.814l92.579,52.583 l-11.661,8.301l-179.313,127.664V571.698v-60.883v-55.873L1614.426,510.814z M1405.5,267.454h-132.895V152.361L1405.5,267.454z M357.922,571.698v-60.883v-93.226v-70.01V143.102c0-14.239,11.585-25.825,25.824-25.825h379.699H886.73h34.734h123.285h167.617 v180.296c0,16.631,13.483,30.11,30.119,30.11h212.674v22.668v70.015v90.448v60.883V742.7l-397.298,282.87l-50.781,36.148 l-18.591,13.241l-81.088,57.728l-81.093-57.728l-18.611-13.25l-50.782-36.155L357.922,741.483V571.698z M193.76,510.814 l103.281-58.649v58.649v60.883V698.14L119.448,571.698l-14.597-10.395L193.76,510.814z M68.036,1648.984V609.822l229.005,163.047 l60.88,43.344L710.7,1067.38l-8.372,7.58l-67.267,60.871L68.036,1648.984z M121.495,1682.723l604.294-546.892l35.693-32.304 l45.37,32.304l82.897,59.028c5.283,3.76,11.462,5.637,17.653,5.637c6.187,0,12.369-1.877,17.652-5.637l82.889-59.028l45.354-32.286 l35.686,32.286l604.311,546.892H121.495z M1737.119,1640.271l-557.41-504.439l-67.267-60.871l-8.359-7.563l351.077-249.962 l60.871-43.348l221.088-157.407V1640.271z\"><\/path><\/svg>\t\t\t\t<\/a>\n\t\t\t<\/div>\n\t\t\t\t\t\t<div class=\"elementor-icon-box-content\">\n\t\t\t\t<h3 class=\"elementor-icon-box-title\">\n\t\t\t\t\t<a href=\"mailto:carlosrp_85@hotmail.com?subject=Asunto\" >\n\t\t\t\t\t\tEnv\u00edanos un email\t\t\t\t\t<\/a>\n\t\t\t\t<\/h3>\n\t\t\t\t\t\t\t\t\t<p class=\"elementor-icon-box-description\">\n\t\t\t\t\t\tcarlos@carpinteriarey.es\t\t\t\t\t<\/p>\n\t\t\t\t\t\t\t<\/div>\n\t\t<\/div>\n\t\t\t\t<\/div>\n\t\t\t\t<\/div>\n\t\t\t\t\t<\/div>\n\t\t<\/div>\n\t\t\t\t\t\t\t<\/div>\n\t\t<\/section>\n\t\t\t\t\t<\/div>\n\t\t<\/div>\n\t\t\t\t\t\t\t<\/div>\n\t\t<\/section>\n\t\t\t\t<section class=\"elementor-section elementor-top-section elementor-element elementor-element-40e4af5 elementor-section-boxed elementor-section-height-default elementor-section-height-default\" data-id=\"40e4af5\" data-element_type=\"section\" data-settings=\"{&quot;background_background&quot;:&quot;classic&quot;}\">\n\t\t\t\t\t\t<div class=\"elementor-container elementor-column-gap-default\">\n\t\t\t\t\t<div class=\"elementor-column elementor-col-100 elementor-top-column elementor-element elementor-element-ceb3e8d\" data-id=\"ceb3e8d\" data-element_type=\"column\">\n\t\t\t<div class=\"elementor-widget-wrap elementor-element-populated\">\n\t\t\t\t\t\t\t\t<div class=\"elementor-element elementor-element-c6d6769 elementor-widget elementor-widget-image\" data-id=\"c6d6769\" data-element_type=\"widget\" data-widget_type=\"image.default\">\n\t\t\t\t<div class=\"elementor-widget-container\">\n\t\t\t<style>\/*! elementor - v3.11.2 - 22-02-2023 *\/\n.elementor-widget-image{text-align:center}.elementor-widget-image a{display:inline-block}.elementor-widget-image a img[src$=\".svg\"]{width:48px}.elementor-widget-image img{vertical-align:middle;display:inline-block}<\/style>\t\t\t\t\t\t\t\t\t\t\t\t\t<a href=\"https:\/\/goo.gl\/maps\/qEp2u1EKXYQURZpMA\" target=\"_blank\">\n\t\t\t\t\t\t\t<img loading=\"lazy\" decoding=\"async\" width=\"697\" height=\"360\" src=\"https:\/\/carpinteriarey.es\/wp-content\/uploads\/2023\/04\/mapa_pancho.png\" class=\"attachment-full size-full wp-image-4081\" alt=\"Mapa localizaci\u00f3n Carpinter\u00eda\" srcset=\"https:\/\/carpinteriarey.es\/wp-content\/uploads\/2023\/04\/mapa_pancho.png 697w, https:\/\/carpinteriarey.es\/wp-content\/uploads\/2023\/04\/mapa_pancho-300x155.png 300w, https:\/\/carpinteriarey.es\/wp-content\/uploads\/2023\/04\/mapa_pancho-18x9.png 18w\" sizes=\"(max-width: 697px) 100vw, 697px\" \/>\t\t\t\t\t\t\t\t<\/a>\n\t\t\t\t\t\t\t\t\t\t\t\t\t\t\t<\/div>\n\t\t\t\t<\/div>\n\t\t\t\t\t<\/div>\n\t\t<\/div>\n\t\t\t\t\t\t\t<\/div>\n\t\t<\/section>\n\t\t\t\t\t\t\t<\/div>","protected":false},"excerpt":{"rendered":"<p>Ll\u00e1manos +34 696 09 81 25 &#8211; Carlos Env\u00edanos un email carlos@carpinteriarey.es<\/p>","protected":false},"author":1,"featured_media":0,"parent":0,"menu_order":2,"comment_status":"closed","ping_status":"closed","template":"page-templates\/template-pagebuilder-full-width.php","meta":{"neve_meta_sidebar":"","neve_meta_container":"","neve_meta_enable_content_width":"","neve_meta_content_width":0,"neve_meta_title_alignment":"","neve_meta_author_avatar":"","neve_post_elements_order":"","neve_meta_disable_header":"","neve_meta_disable_footer":"","neve_meta_disable_title":"","neve_meta_reading_time":"","_ti_tpc_template_sync":false,"_ti_tpc_template_id":"torrn5gwdppdmy94r8om","footnotes":""},"yoast_head":"<!-- This site is optimized with the Yoast SEO plugin v22.3 - https:\/\/yoast.com\/wordpress\/plugins\/seo\/ -->\n<title>Contacto - Carpinter\u00eda Rey<\/title>\n<meta name=\"description\" content=\"Somos Carpinter\u00eda Rey, empresa especializada en trabajos y dise\u00f1os en madera desde 1970. Profesionalidad y el trato cercano con el cliente.\" \/>\n<meta name=\"robots\" content=\"index, follow, max-snippet:-1, max-image-preview:large, max-video-preview:-1\" \/>\n<link rel=\"canonical\" href=\"https:\/\/carpinteriarey.es\/gl\/contacto\/\" \/>\n<meta property=\"og:locale\" content=\"gl_ES\" \/>\n<meta property=\"og:type\" content=\"article\" \/>\n<meta property=\"og:title\" content=\"Contacto - Carpinter\u00eda Rey\" \/>\n<meta property=\"og:description\" content=\"Somos Carpinter\u00eda Rey, empresa especializada en trabajos y dise\u00f1os en madera desde 1970. Profesionalidad y el trato cercano con el cliente.\" \/>\n<meta property=\"og:url\" content=\"https:\/\/carpinteriarey.es\/gl\/contacto\/\" \/>\n<meta property=\"og:site_name\" content=\"Carpinter\u00eda Rey\" \/>\n<meta property=\"article:publisher\" content=\"https:\/\/www.facebook.com\/profile.php?id=100057184070586\" \/>\n<meta property=\"article:modified_time\" content=\"2025-10-04T08:58:47+00:00\" \/>\n<meta property=\"og:image\" content=\"http:\/\/carpinteriarey.es\/wp-content\/uploads\/2023\/04\/mapa_pancho.png\" \/>\n<meta name=\"twitter:card\" content=\"summary_large_image\" \/>\n<meta name=\"twitter:label1\" content=\"Tempo de lectura\" \/>\n\t<meta name=\"twitter:data1\" content=\"1 minuto\" \/>\n<script type=\"application\/ld+json\" class=\"yoast-schema-graph\">{\"@context\":\"https:\/\/schema.org\",\"@graph\":[{\"@type\":\"WebPage\",\"@id\":\"https:\/\/carpinteriarey.es\/contacto\/\",\"url\":\"https:\/\/carpinteriarey.es\/contacto\/\",\"name\":\"Contacto - Carpinter\u00eda Rey\",\"isPartOf\":{\"@id\":\"https:\/\/carpinteriarey.es\/#website\"},\"primaryImageOfPage\":{\"@id\":\"https:\/\/carpinteriarey.es\/contacto\/#primaryimage\"},\"image\":{\"@id\":\"https:\/\/carpinteriarey.es\/contacto\/#primaryimage\"},\"thumbnailUrl\":\"http:\/\/carpinteriarey.es\/wp-content\/uploads\/2023\/04\/mapa_pancho.png\",\"datePublished\":\"2022-08-26T03:50:26+00:00\",\"dateModified\":\"2025-10-04T08:58:47+00:00\",\"description\":\"Somos Carpinter\u00eda Rey, empresa especializada en trabajos y dise\u00f1os en madera desde 1970. Profesionalidad y el trato cercano con el cliente.\",\"breadcrumb\":{\"@id\":\"https:\/\/carpinteriarey.es\/contacto\/#breadcrumb\"},\"inLanguage\":\"gl-ES\",\"potentialAction\":[{\"@type\":\"ReadAction\",\"target\":[\"https:\/\/carpinteriarey.es\/contacto\/\"]}]},{\"@type\":\"ImageObject\",\"inLanguage\":\"gl-ES\",\"@id\":\"https:\/\/carpinteriarey.es\/contacto\/#primaryimage\",\"url\":\"https:\/\/carpinteriarey.es\/wp-content\/uploads\/2023\/04\/mapa_pancho.png\",\"contentUrl\":\"https:\/\/carpinteriarey.es\/wp-content\/uploads\/2023\/04\/mapa_pancho.png\",\"width\":697,\"height\":360,\"caption\":\"Mapa localizaci\u00f3n Carpinter\u00eda\"},{\"@type\":\"BreadcrumbList\",\"@id\":\"https:\/\/carpinteriarey.es\/contacto\/#breadcrumb\",\"itemListElement\":[{\"@type\":\"ListItem\",\"position\":1,\"name\":\"Portada\",\"item\":\"https:\/\/carpinteriarey.es\/\"},{\"@type\":\"ListItem\",\"position\":2,\"name\":\"Contacto\"}]},{\"@type\":\"WebSite\",\"@id\":\"https:\/\/carpinteriarey.es\/#website\",\"url\":\"https:\/\/carpinteriarey.es\/\",\"name\":\"Carpinter\u00eda Rey\",\"description\":\"Carpinter\u00eda Rey\",\"publisher\":{\"@id\":\"https:\/\/carpinteriarey.es\/#\/schema\/person\/11aed851bf6eda10dfd6d20086996ce8\"},\"potentialAction\":[{\"@type\":\"SearchAction\",\"target\":{\"@type\":\"EntryPoint\",\"urlTemplate\":\"https:\/\/carpinteriarey.es\/?s={search_term_string}\"},\"query-input\":\"required name=search_term_string\"}],\"inLanguage\":\"gl-ES\"},{\"@type\":[\"Person\",\"Organization\"],\"@id\":\"https:\/\/carpinteriarey.es\/#\/schema\/person\/11aed851bf6eda10dfd6d20086996ce8\",\"name\":\"Carlos Rey\",\"image\":{\"@type\":\"ImageObject\",\"inLanguage\":\"gl-ES\",\"@id\":\"https:\/\/carpinteriarey.es\/#\/schema\/person\/image\/\",\"url\":\"http:\/\/carpinteriarey.es\/wp-content\/uploads\/2023\/04\/logo_pancho.png\",\"contentUrl\":\"http:\/\/carpinteriarey.es\/wp-content\/uploads\/2023\/04\/logo_pancho.png\",\"width\":357,\"height\":144,\"caption\":\"Carlos Rey\"},\"logo\":{\"@id\":\"https:\/\/carpinteriarey.es\/#\/schema\/person\/image\/\"},\"sameAs\":[\"http:\/\/carpinteriarey.es\",\"https:\/\/www.facebook.com\/profile.php?id=100057184070586\"]}]}<\/script>\n<!-- \/ Yoast SEO plugin. -->","yoast_head_json":{"title":"Contacto - Carpinter\u00eda Rey","description":"Somos Carpinter\u00eda Rey, empresa especializada en trabajos y dise\u00f1os en madera desde 1970. Profesionalidad y el trato cercano con el cliente.","robots":{"index":"index","follow":"follow","max-snippet":"max-snippet:-1","max-image-preview":"max-image-preview:large","max-video-preview":"max-video-preview:-1"},"canonical":"https:\/\/carpinteriarey.es\/gl\/contacto\/","og_locale":"gl_ES","og_type":"article","og_title":"Contacto - Carpinter\u00eda Rey","og_description":"Somos Carpinter\u00eda Rey, empresa especializada en trabajos y dise\u00f1os en madera desde 1970. Profesionalidad y el trato cercano con el cliente.","og_url":"https:\/\/carpinteriarey.es\/gl\/contacto\/","og_site_name":"Carpinter\u00eda Rey","article_publisher":"https:\/\/www.facebook.com\/profile.php?id=100057184070586","article_modified_time":"2025-10-04T08:58:47+00:00","og_image":[{"url":"http:\/\/carpinteriarey.es\/wp-content\/uploads\/2023\/04\/mapa_pancho.png"}],"twitter_card":"summary_large_image","twitter_misc":{"Tempo de lectura":"1 minuto"},"schema":{"@context":"https:\/\/schema.org","@graph":[{"@type":"WebPage","@id":"https:\/\/carpinteriarey.es\/contacto\/","url":"https:\/\/carpinteriarey.es\/contacto\/","name":"Contacto - Carpinter\u00eda Rey","isPartOf":{"@id":"https:\/\/carpinteriarey.es\/#website"},"primaryImageOfPage":{"@id":"https:\/\/carpinteriarey.es\/contacto\/#primaryimage"},"image":{"@id":"https:\/\/carpinteriarey.es\/contacto\/#primaryimage"},"thumbnailUrl":"http:\/\/carpinteriarey.es\/wp-content\/uploads\/2023\/04\/mapa_pancho.png","datePublished":"2022-08-26T03:50:26+00:00","dateModified":"2025-10-04T08:58:47+00:00","description":"Somos Carpinter\u00eda Rey, empresa especializada en trabajos y dise\u00f1os en madera desde 1970. Profesionalidad y el trato cercano con el cliente.","breadcrumb":{"@id":"https:\/\/carpinteriarey.es\/contacto\/#breadcrumb"},"inLanguage":"gl-ES","potentialAction":[{"@type":"ReadAction","target":["https:\/\/carpinteriarey.es\/contacto\/"]}]},{"@type":"ImageObject","inLanguage":"gl-ES","@id":"https:\/\/carpinteriarey.es\/contacto\/#primaryimage","url":"https:\/\/carpinteriarey.es\/wp-content\/uploads\/2023\/04\/mapa_pancho.png","contentUrl":"https:\/\/carpinteriarey.es\/wp-content\/uploads\/2023\/04\/mapa_pancho.png","width":697,"height":360,"caption":"Mapa localizaci\u00f3n Carpinter\u00eda"},{"@type":"BreadcrumbList","@id":"https:\/\/carpinteriarey.es\/contacto\/#breadcrumb","itemListElement":[{"@type":"ListItem","position":1,"name":"Portada","item":"https:\/\/carpinteriarey.es\/"},{"@type":"ListItem","position":2,"name":"Contacto"}]},{"@type":"WebSite","@id":"https:\/\/carpinteriarey.es\/#website","url":"https:\/\/carpinteriarey.es\/","name":"Carpinter\u00eda Rey","description":"Carpinter\u00eda Rey","publisher":{"@id":"https:\/\/carpinteriarey.es\/#\/schema\/person\/11aed851bf6eda10dfd6d20086996ce8"},"potentialAction":[{"@type":"SearchAction","target":{"@type":"EntryPoint","urlTemplate":"https:\/\/carpinteriarey.es\/?s={search_term_string}"},"query-input":"required name=search_term_string"}],"inLanguage":"gl-ES"},{"@type":["Person","Organization"],"@id":"https:\/\/carpinteriarey.es\/#\/schema\/person\/11aed851bf6eda10dfd6d20086996ce8","name":"Carlos Rey","image":{"@type":"ImageObject","inLanguage":"gl-ES","@id":"https:\/\/carpinteriarey.es\/#\/schema\/person\/image\/","url":"http:\/\/carpinteriarey.es\/wp-content\/uploads\/2023\/04\/logo_pancho.png","contentUrl":"http:\/\/carpinteriarey.es\/wp-content\/uploads\/2023\/04\/logo_pancho.png","width":357,"height":144,"caption":"Carlos Rey"},"logo":{"@id":"https:\/\/carpinteriarey.es\/#\/schema\/person\/image\/"},"sameAs":["http:\/\/carpinteriarey.es","https:\/\/www.facebook.com\/profile.php?id=100057184070586"]}]}},"_links":{"self":[{"href":"https:\/\/carpinteriarey.es\/gl\/wp-json\/wp\/v2\/pages\/3925"}],"collection":[{"href":"https:\/\/carpinteriarey.es\/gl\/wp-json\/wp\/v2\/pages"}],"about":[{"href":"https:\/\/carpinteriarey.es\/gl\/wp-json\/wp\/v2\/types\/page"}],"author":[{"embeddable":true,"href":"https:\/\/carpinteriarey.es\/gl\/wp-json\/wp\/v2\/users\/1"}],"replies":[{"embeddable":true,"href":"https:\/\/carpinteriarey.es\/gl\/wp-json\/wp\/v2\/comments?post=3925"}],"version-history":[{"count":35,"href":"https:\/\/carpinteriarey.es\/gl\/wp-json\/wp\/v2\/pages\/3925\/revisions"}],"predecessor-version":[{"id":4355,"href":"https:\/\/carpinteriarey.es\/gl\/wp-json\/wp\/v2\/pages\/3925\/revisions\/4355"}],"wp:attachment":[{"href":"https:\/\/carpinteriarey.es\/gl\/wp-json\/wp\/v2\/media?parent=3925"}],"curies":[{"name":"wp","href":"https:\/\/api.w.org\/{rel}","templated":true}]}}