{"id":3921,"date":"2022-08-26T03:18:45","date_gmt":"2022-08-26T03:18:45","guid":{"rendered":"https:\/\/demosites.io\/real-estate-agency\/?page_id=3921"},"modified":"2023-05-22T14:53:50","modified_gmt":"2023-05-22T14:53:50","slug":"sobre_nosotros","status":"publish","type":"page","link":"https:\/\/carpinteriarey.es\/gl\/sobre_nosotros\/","title":{"rendered":"Sobre n\u00f3s"},"content":{"rendered":"<div data-elementor-type=\"wp-page\" data-elementor-id=\"3921\" class=\"elementor elementor-3921\">\n\t\t\t\t\t\t\t\t\t<section class=\"elementor-section elementor-top-section elementor-element elementor-element-b360eec elementor-section-boxed elementor-section-height-default elementor-section-height-default\" data-id=\"b360eec\" data-element_type=\"section\" data-settings=\"{&quot;background_background&quot;:&quot;classic&quot;}\">\n\t\t\t\t\t\t\t<div class=\"elementor-background-overlay\"><\/div>\n\t\t\t\t\t\t\t<div class=\"elementor-container elementor-column-gap-default\">\n\t\t\t\t\t<div class=\"elementor-column elementor-col-100 elementor-top-column elementor-element elementor-element-5bcdd75\" data-id=\"5bcdd75\" data-element_type=\"column\">\n\t\t\t<div class=\"elementor-widget-wrap elementor-element-populated\">\n\t\t\t\t\t\t\t\t<section class=\"elementor-section elementor-inner-section elementor-element elementor-element-7a1a692 elementor-section-content-middle elementor-section-boxed elementor-section-height-default elementor-section-height-default\" data-id=\"7a1a692\" data-element_type=\"section\">\n\t\t\t\t\t\t<div class=\"elementor-container elementor-column-gap-default\">\n\t\t\t\t\t<div class=\"elementor-column elementor-col-50 elementor-inner-column elementor-element elementor-element-c9292eb\" data-id=\"c9292eb\" data-element_type=\"column\" data-settings=\"{&quot;background_background&quot;:&quot;classic&quot;}\">\n\t\t\t<div class=\"elementor-widget-wrap elementor-element-populated\">\n\t\t\t\t\t\t\t\t<div class=\"elementor-element elementor-element-e31233d elementor-widget elementor-widget-image\" data-id=\"e31233d\" data-element_type=\"widget\" data-widget_type=\"image.default\">\n\t\t\t\t<div class=\"elementor-widget-container\">\n\t\t\t<style>\/*! elementor - v3.11.2 - 22-02-2023 *\/\n.elementor-widget-image{text-align:center}.elementor-widget-image a{display:inline-block}.elementor-widget-image a img[src$=\".svg\"]{width:48px}.elementor-widget-image img{vertical-align:middle;display:inline-block}<\/style>\t\t\t\t\t\t\t\t\t\t\t\t<img loading=\"lazy\" decoding=\"async\" width=\"1024\" height=\"768\" src=\"https:\/\/carpinteriarey.es\/wp-content\/uploads\/2023\/03\/furgon-1024x768.jpg\" class=\"attachment-large size-large wp-image-4044\" alt=\"Furg\u00f3n carpinter\u00eda rey\" srcset=\"https:\/\/carpinteriarey.es\/wp-content\/uploads\/2023\/03\/furgon-1024x768.jpg 1024w, https:\/\/carpinteriarey.es\/wp-content\/uploads\/2023\/03\/furgon-300x225.jpg 300w, https:\/\/carpinteriarey.es\/wp-content\/uploads\/2023\/03\/furgon-768x576.jpg 768w, https:\/\/carpinteriarey.es\/wp-content\/uploads\/2023\/03\/furgon-1536x1152.jpg 1536w, https:\/\/carpinteriarey.es\/wp-content\/uploads\/2023\/03\/furgon-16x12.jpg 16w, https:\/\/carpinteriarey.es\/wp-content\/uploads\/2023\/03\/furgon.jpg 2048w\" sizes=\"(max-width: 1024px) 100vw, 1024px\" \/>\t\t\t\t\t\t\t\t\t\t\t\t\t\t\t<\/div>\n\t\t\t\t<\/div>\n\t\t\t\t\t<\/div>\n\t\t<\/div>\n\t\t\t\t<div class=\"elementor-column elementor-col-50 elementor-inner-column elementor-element elementor-element-a0ff962\" data-id=\"a0ff962\" data-element_type=\"column\">\n\t\t\t<div class=\"elementor-widget-wrap elementor-element-populated\">\n\t\t\t\t\t\t\t\t<div class=\"elementor-element elementor-element-043019e elementor-widget elementor-widget-heading\" data-id=\"043019e\" data-element_type=\"widget\" data-widget_type=\"heading.default\">\n\t\t\t\t<div class=\"elementor-widget-container\">\n\t\t\t<style>\/*! elementor - v3.11.2 - 22-02-2023 *\/\n.elementor-heading-title{padding:0;margin:0;line-height:1}.elementor-widget-heading .elementor-heading-title[class*=elementor-size-]>a{color:inherit;font-size:inherit;line-height:inherit}.elementor-widget-heading .elementor-heading-title.elementor-size-small{font-size:15px}.elementor-widget-heading .elementor-heading-title.elementor-size-medium{font-size:19px}.elementor-widget-heading .elementor-heading-title.elementor-size-large{font-size:29px}.elementor-widget-heading .elementor-heading-title.elementor-size-xl{font-size:39px}.elementor-widget-heading .elementor-heading-title.elementor-size-xxl{font-size:59px}<\/style><h1 class=\"elementor-heading-title elementor-size-default\">A nosa historia<\/h1>\t\t<\/div>\n\t\t\t\t<\/div>\n\t\t\t\t<div class=\"elementor-element elementor-element-03857f4 elementor-widget elementor-widget-heading\" data-id=\"03857f4\" data-element_type=\"widget\" data-widget_type=\"heading.default\">\n\t\t\t\t<div class=\"elementor-widget-container\">\n\t\t\t<span class=\"elementor-heading-title elementor-size-default\">Somos Carpinter\u00eda Rey, unha empresa especializada en traballos e dese\u00f1os en madeira dende 1970. Caracter\u00edzanos a profesionalidade e o trato pr\u00f3ximo co cliente. <\/span>\t\t<\/div>\n\t\t\t\t<\/div>\n\t\t\t\t\t<\/div>\n\t\t<\/div>\n\t\t\t\t\t\t\t<\/div>\n\t\t<\/section>\n\t\t\t\t\t<\/div>\n\t\t<\/div>\n\t\t\t\t\t\t\t<\/div>\n\t\t<\/section>\n\t\t\t\t<section class=\"elementor-section elementor-top-section elementor-element elementor-element-7bbb6a3 elementor-section-boxed elementor-section-height-default elementor-section-height-default\" data-id=\"7bbb6a3\" data-element_type=\"section\" data-settings=\"{&quot;background_background&quot;:&quot;classic&quot;}\">\n\t\t\t\t\t\t\t<div class=\"elementor-background-overlay\"><\/div>\n\t\t\t\t\t\t\t<div class=\"elementor-container elementor-column-gap-default\">\n\t\t\t\t\t<div class=\"elementor-column elementor-col-100 elementor-top-column elementor-element elementor-element-7386931\" data-id=\"7386931\" data-element_type=\"column\">\n\t\t\t<div class=\"elementor-widget-wrap elementor-element-populated\">\n\t\t\t\t\t\t\t\t<section class=\"elementor-section elementor-inner-section elementor-element elementor-element-677b4ff elementor-section-content-middle elementor-section-boxed elementor-section-height-default elementor-section-height-default\" data-id=\"677b4ff\" data-element_type=\"section\">\n\t\t\t\t\t\t<div class=\"elementor-container elementor-column-gap-default\">\n\t\t\t\t\t<div class=\"elementor-column elementor-col-50 elementor-inner-column elementor-element elementor-element-c60c174\" data-id=\"c60c174\" data-element_type=\"column\">\n\t\t\t<div class=\"elementor-widget-wrap elementor-element-populated\">\n\t\t\t\t\t\t\t\t<div class=\"elementor-element elementor-element-00afa14 elementor-widget elementor-widget-heading\" data-id=\"00afa14\" data-element_type=\"widget\" data-widget_type=\"heading.default\">\n\t\t\t\t<div class=\"elementor-widget-container\">\n\t\t\t<h2 class=\"elementor-heading-title elementor-size-default\">Fabricaci\u00f3n propia<\/h2>\t\t<\/div>\n\t\t\t\t<\/div>\n\t\t\t\t<div class=\"elementor-element elementor-element-7e97b32 elementor-widget elementor-widget-heading\" data-id=\"7e97b32\" data-element_type=\"widget\" data-widget_type=\"heading.default\">\n\t\t\t\t<div class=\"elementor-widget-container\">\n\t\t\t<span class=\"elementor-heading-title elementor-size-default\">Empregamos madeira de proximidade e elaboramos n\u00f3s o noso propio material.<\/span>\t\t<\/div>\n\t\t\t\t<\/div>\n\t\t\t\t<div class=\"elementor-element elementor-element-c58e4e5 elementor-widget elementor-widget-heading\" data-id=\"c58e4e5\" data-element_type=\"widget\" data-widget_type=\"heading.default\">\n\t\t\t\t<div class=\"elementor-widget-container\">\n\t\t\t<h2 class=\"elementor-heading-title elementor-size-default\">Escaleiras<\/h2>\t\t<\/div>\n\t\t\t\t<\/div>\n\t\t\t\t<div class=\"elementor-element elementor-element-9e0d92b elementor-widget elementor-widget-heading\" data-id=\"9e0d92b\" data-element_type=\"widget\" data-widget_type=\"heading.default\">\n\t\t\t\t<div class=\"elementor-widget-container\">\n\t\t\t<span class=\"elementor-heading-title elementor-size-default\">Traballos en escaleiras, pasam\u00e1ns, todo tipo de acabados en madeira<\/span>\t\t<\/div>\n\t\t\t\t<\/div>\n\t\t\t\t<div class=\"elementor-element elementor-element-340d815 elementor-widget elementor-widget-heading\" data-id=\"340d815\" data-element_type=\"widget\" data-widget_type=\"heading.default\">\n\t\t\t\t<div class=\"elementor-widget-container\">\n\t\t\t<h2 class=\"elementor-heading-title elementor-size-default\">Portas e armarios<\/h2>\t\t<\/div>\n\t\t\t\t<\/div>\n\t\t\t\t<div class=\"elementor-element elementor-element-f3f1f6b elementor-widget elementor-widget-heading\" data-id=\"f3f1f6b\" data-element_type=\"widget\" data-widget_type=\"heading.default\">\n\t\t\t\t<div class=\"elementor-widget-container\">\n\t\t\t<span class=\"elementor-heading-title elementor-size-default\">Fabricaci\u00f3n e instalaci\u00f3n de portas e armarios. Substituci\u00f3n de elementos antigos.<\/span>\t\t<\/div>\n\t\t\t\t<\/div>\n\t\t\t\t<div class=\"elementor-element elementor-element-b0ca8e3 elementor-widget elementor-widget-heading\" data-id=\"b0ca8e3\" data-element_type=\"widget\" data-widget_type=\"heading.default\">\n\t\t\t\t<div class=\"elementor-widget-container\">\n\t\t\t<h2 class=\"elementor-heading-title elementor-size-default\">Colocaci\u00f3n en obra<\/h2>\t\t<\/div>\n\t\t\t\t<\/div>\n\t\t\t\t<div class=\"elementor-element elementor-element-07eeda9 elementor-widget elementor-widget-heading\" data-id=\"07eeda9\" data-element_type=\"widget\" data-widget_type=\"heading.default\">\n\t\t\t\t<div class=\"elementor-widget-container\">\n\t\t\t<span class=\"elementor-heading-title elementor-size-default\">Realizamos colocaci\u00f3n en obra.<\/span>\t\t<\/div>\n\t\t\t\t<\/div>\n\t\t\t\t\t<\/div>\n\t\t<\/div>\n\t\t\t\t<div class=\"elementor-column elementor-col-50 elementor-inner-column elementor-element elementor-element-f25e6e6\" data-id=\"f25e6e6\" data-element_type=\"column\">\n\t\t\t<div class=\"elementor-widget-wrap elementor-element-populated\">\n\t\t\t\t\t\t\t\t<div class=\"elementor-element elementor-element-dc7a4eb elementor-widget elementor-widget-heading\" data-id=\"dc7a4eb\" data-element_type=\"widget\" data-widget_type=\"heading.default\">\n\t\t\t\t<div class=\"elementor-widget-container\">\n\t\t\t<h2 class=\"elementor-heading-title elementor-size-default\">Restauraci\u00f3ns<\/h2>\t\t<\/div>\n\t\t\t\t<\/div>\n\t\t\t\t<div class=\"elementor-element elementor-element-63edb5a elementor-widget elementor-widget-heading\" data-id=\"63edb5a\" data-element_type=\"widget\" data-widget_type=\"heading.default\">\n\t\t\t\t<div class=\"elementor-widget-container\">\n\t\t\t<span class=\"elementor-heading-title elementor-size-default\">Recuperamos a vida dos teus mobles, escaleiras, porches, etc.<\/span>\t\t<\/div>\n\t\t\t\t<\/div>\n\t\t\t\t<div class=\"elementor-element elementor-element-8b80131 elementor-widget elementor-widget-heading\" data-id=\"8b80131\" data-element_type=\"widget\" data-widget_type=\"heading.default\">\n\t\t\t\t<div class=\"elementor-widget-container\">\n\t\t\t<h2 class=\"elementor-heading-title elementor-size-default\">Coci\u00f1as<\/h2>\t\t<\/div>\n\t\t\t\t<\/div>\n\t\t\t\t<div class=\"elementor-element elementor-element-7ec75e0 elementor-widget elementor-widget-heading\" data-id=\"7ec75e0\" data-element_type=\"widget\" data-widget_type=\"heading.default\">\n\t\t\t\t<div class=\"elementor-widget-container\">\n\t\t\t<span class=\"elementor-heading-title elementor-size-default\">Instalaci\u00f3n de coci\u00f1as en madeira, todo tipo de acabados<\/span>\t\t<\/div>\n\t\t\t\t<\/div>\n\t\t\t\t<div class=\"elementor-element elementor-element-43c7216 elementor-widget elementor-widget-heading\" data-id=\"43c7216\" data-element_type=\"widget\" data-widget_type=\"heading.default\">\n\t\t\t\t<div class=\"elementor-widget-container\">\n\t\t\t<h2 class=\"elementor-heading-title elementor-size-default\">Parqu\u00e9<\/h2>\t\t<\/div>\n\t\t\t\t<\/div>\n\t\t\t\t<div class=\"elementor-element elementor-element-179ab05 elementor-widget elementor-widget-heading\" data-id=\"179ab05\" data-element_type=\"widget\" data-widget_type=\"heading.default\">\n\t\t\t\t<div class=\"elementor-widget-container\">\n\t\t\t<span class=\"elementor-heading-title elementor-size-default\">Instalaci\u00f3n de parqu\u00e9 e tarima flotante<\/span>\t\t<\/div>\n\t\t\t\t<\/div>\n\t\t\t\t\t<\/div>\n\t\t<\/div>\n\t\t\t\t\t\t\t<\/div>\n\t\t<\/section>\n\t\t\t\t<div class=\"elementor-element elementor-element-204beee elementor-widget elementor-widget-heading\" data-id=\"204beee\" data-element_type=\"widget\" data-widget_type=\"heading.default\">\n\t\t\t\t<div class=\"elementor-widget-container\">\n\t\t\t<span class=\"elementor-heading-title elementor-size-default\">Somos Carpinter\u00eda Rey, unha empresa especializada en traballos e dese\u00f1os en madeira dende 1970. Caracter\u00edzanos a profesionalidade e o trato pr\u00f3ximo co cliente. <\/span>\t\t<\/div>\n\t\t\t\t<\/div>\n\t\t\t\t\t<\/div>\n\t\t<\/div>\n\t\t\t\t\t\t\t<\/div>\n\t\t<\/section>\n\t\t\t\t\t\t\t<\/div>","protected":false},"excerpt":{"rendered":"<p>Nuestra historia Somos Carpinter\u00eda Rey, empresa especializada en trabajos y dise\u00f1os en madera desde 1970. Nos caracteriza la profesionalidad y el trato cercano con el cliente. Fabricaci\u00f3n propia Usamos madera de cercan\u00eda y elaboramos nosotros nuestro propio material. Escaleras Trabajos en escaleras, pasamanos, todo tipo de acabados en madera Puertas y armarios Fabricaci\u00f3n e instalaci\u00f3n&hellip;&nbsp;<a href=\"https:\/\/carpinteriarey.es\/gl\/sobre_nosotros\/\" class=\"\" rel=\"bookmark\">Ler m\u00e1is &raquo;<span class=\"screen-reader-text\">Sobre n\u00f3s<\/span><\/a><\/p>","protected":false},"author":1,"featured_media":0,"parent":0,"menu_order":1,"comment_status":"closed","ping_status":"closed","template":"page-templates\/template-pagebuilder-full-width.php","meta":{"neve_meta_sidebar":"","neve_meta_container":"","neve_meta_enable_content_width":"","neve_meta_content_width":0,"neve_meta_title_alignment":"","neve_meta_author_avatar":"","neve_post_elements_order":"","neve_meta_disable_header":"","neve_meta_disable_footer":"","neve_meta_disable_title":"","neve_meta_reading_time":"","_ti_tpc_template_sync":false,"_ti_tpc_template_id":"jbrb6vpv1m3hqglrbca0","footnotes":""},"yoast_head":"<!-- This site is optimized with the Yoast SEO plugin v22.3 - https:\/\/yoast.com\/wordpress\/plugins\/seo\/ -->\n<title>Carpinter\u00eda - Sobre nosotros<\/title>\n<meta name=\"description\" content=\"Somos Carpinter\u00eda Rey, empresa especializada en trabajos y dise\u00f1os en madera desde 1970. Profesionalidad y el trato cercano con el cliente.\" \/>\n<meta name=\"robots\" content=\"index, follow, max-snippet:-1, max-image-preview:large, max-video-preview:-1\" \/>\n<link rel=\"canonical\" href=\"https:\/\/carpinteriarey.es\/gl\/sobre_nosotros\/\" \/>\n<meta property=\"og:locale\" content=\"gl_ES\" \/>\n<meta property=\"og:type\" content=\"article\" \/>\n<meta property=\"og:title\" content=\"Carpinter\u00eda - Sobre nosotros\" \/>\n<meta property=\"og:description\" content=\"Somos Carpinter\u00eda Rey, empresa especializada en trabajos y dise\u00f1os en madera desde 1970. Profesionalidad y el trato cercano con el cliente.\" \/>\n<meta property=\"og:url\" content=\"https:\/\/carpinteriarey.es\/gl\/sobre_nosotros\/\" \/>\n<meta property=\"og:site_name\" content=\"Carpinter\u00eda Rey\" \/>\n<meta property=\"article:publisher\" content=\"https:\/\/www.facebook.com\/profile.php?id=100057184070586\" \/>\n<meta property=\"article:modified_time\" content=\"2023-05-22T14:53:50+00:00\" \/>\n<meta property=\"og:image\" content=\"http:\/\/carpinteriarey.es\/wp-content\/uploads\/2023\/03\/furgon-1024x768.jpg\" \/>\n<meta name=\"twitter:card\" content=\"summary_large_image\" \/>\n<meta name=\"twitter:label1\" content=\"Tempo de lectura\" \/>\n\t<meta name=\"twitter:data1\" content=\"1 minuto\" \/>\n<script type=\"application\/ld+json\" class=\"yoast-schema-graph\">{\"@context\":\"https:\/\/schema.org\",\"@graph\":[{\"@type\":[\"WebPage\",\"AboutPage\"],\"@id\":\"https:\/\/carpinteriarey.es\/sobre_nosotros\/\",\"url\":\"https:\/\/carpinteriarey.es\/sobre_nosotros\/\",\"name\":\"Carpinter\u00eda - Sobre nosotros\",\"isPartOf\":{\"@id\":\"https:\/\/carpinteriarey.es\/#website\"},\"primaryImageOfPage\":{\"@id\":\"https:\/\/carpinteriarey.es\/sobre_nosotros\/#primaryimage\"},\"image\":{\"@id\":\"https:\/\/carpinteriarey.es\/sobre_nosotros\/#primaryimage\"},\"thumbnailUrl\":\"http:\/\/carpinteriarey.es\/wp-content\/uploads\/2023\/03\/furgon-1024x768.jpg\",\"datePublished\":\"2022-08-26T03:18:45+00:00\",\"dateModified\":\"2023-05-22T14:53:50+00:00\",\"description\":\"Somos Carpinter\u00eda Rey, empresa especializada en trabajos y dise\u00f1os en madera desde 1970. Profesionalidad y el trato cercano con el cliente.\",\"breadcrumb\":{\"@id\":\"https:\/\/carpinteriarey.es\/sobre_nosotros\/#breadcrumb\"},\"inLanguage\":\"gl-ES\",\"potentialAction\":[{\"@type\":\"ReadAction\",\"target\":[\"https:\/\/carpinteriarey.es\/sobre_nosotros\/\"]}]},{\"@type\":\"ImageObject\",\"inLanguage\":\"gl-ES\",\"@id\":\"https:\/\/carpinteriarey.es\/sobre_nosotros\/#primaryimage\",\"url\":\"https:\/\/carpinteriarey.es\/wp-content\/uploads\/2023\/03\/furgon.jpg\",\"contentUrl\":\"https:\/\/carpinteriarey.es\/wp-content\/uploads\/2023\/03\/furgon.jpg\",\"width\":2048,\"height\":1536,\"caption\":\"Furg\u00f3n carpinter\u00eda rey\"},{\"@type\":\"BreadcrumbList\",\"@id\":\"https:\/\/carpinteriarey.es\/sobre_nosotros\/#breadcrumb\",\"itemListElement\":[{\"@type\":\"ListItem\",\"position\":1,\"name\":\"Portada\",\"item\":\"https:\/\/carpinteriarey.es\/\"},{\"@type\":\"ListItem\",\"position\":2,\"name\":\"Sobre nosotros\"}]},{\"@type\":\"WebSite\",\"@id\":\"https:\/\/carpinteriarey.es\/#website\",\"url\":\"https:\/\/carpinteriarey.es\/\",\"name\":\"Carpinter\u00eda Rey\",\"description\":\"Carpinter\u00eda Rey\",\"publisher\":{\"@id\":\"https:\/\/carpinteriarey.es\/#\/schema\/person\/11aed851bf6eda10dfd6d20086996ce8\"},\"potentialAction\":[{\"@type\":\"SearchAction\",\"target\":{\"@type\":\"EntryPoint\",\"urlTemplate\":\"https:\/\/carpinteriarey.es\/?s={search_term_string}\"},\"query-input\":\"required name=search_term_string\"}],\"inLanguage\":\"gl-ES\"},{\"@type\":[\"Person\",\"Organization\"],\"@id\":\"https:\/\/carpinteriarey.es\/#\/schema\/person\/11aed851bf6eda10dfd6d20086996ce8\",\"name\":\"Carlos Rey\",\"image\":{\"@type\":\"ImageObject\",\"inLanguage\":\"gl-ES\",\"@id\":\"https:\/\/carpinteriarey.es\/#\/schema\/person\/image\/\",\"url\":\"http:\/\/carpinteriarey.es\/wp-content\/uploads\/2023\/04\/logo_pancho.png\",\"contentUrl\":\"http:\/\/carpinteriarey.es\/wp-content\/uploads\/2023\/04\/logo_pancho.png\",\"width\":357,\"height\":144,\"caption\":\"Carlos Rey\"},\"logo\":{\"@id\":\"https:\/\/carpinteriarey.es\/#\/schema\/person\/image\/\"},\"sameAs\":[\"http:\/\/carpinteriarey.es\",\"https:\/\/www.facebook.com\/profile.php?id=100057184070586\"]}]}<\/script>\n<!-- \/ Yoast SEO plugin. -->","yoast_head_json":{"title":"Carpinter\u00eda - Sobre nosotros","description":"Somos Carpinter\u00eda Rey, empresa especializada en trabajos y dise\u00f1os en madera desde 1970. Profesionalidad y el trato cercano con el cliente.","robots":{"index":"index","follow":"follow","max-snippet":"max-snippet:-1","max-image-preview":"max-image-preview:large","max-video-preview":"max-video-preview:-1"},"canonical":"https:\/\/carpinteriarey.es\/gl\/sobre_nosotros\/","og_locale":"gl_ES","og_type":"article","og_title":"Carpinter\u00eda - Sobre nosotros","og_description":"Somos Carpinter\u00eda Rey, empresa especializada en trabajos y dise\u00f1os en madera desde 1970. Profesionalidad y el trato cercano con el cliente.","og_url":"https:\/\/carpinteriarey.es\/gl\/sobre_nosotros\/","og_site_name":"Carpinter\u00eda Rey","article_publisher":"https:\/\/www.facebook.com\/profile.php?id=100057184070586","article_modified_time":"2023-05-22T14:53:50+00:00","og_image":[{"url":"http:\/\/carpinteriarey.es\/wp-content\/uploads\/2023\/03\/furgon-1024x768.jpg"}],"twitter_card":"summary_large_image","twitter_misc":{"Tempo de lectura":"1 minuto"},"schema":{"@context":"https:\/\/schema.org","@graph":[{"@type":["WebPage","AboutPage"],"@id":"https:\/\/carpinteriarey.es\/sobre_nosotros\/","url":"https:\/\/carpinteriarey.es\/sobre_nosotros\/","name":"Carpinter\u00eda - Sobre nosotros","isPartOf":{"@id":"https:\/\/carpinteriarey.es\/#website"},"primaryImageOfPage":{"@id":"https:\/\/carpinteriarey.es\/sobre_nosotros\/#primaryimage"},"image":{"@id":"https:\/\/carpinteriarey.es\/sobre_nosotros\/#primaryimage"},"thumbnailUrl":"http:\/\/carpinteriarey.es\/wp-content\/uploads\/2023\/03\/furgon-1024x768.jpg","datePublished":"2022-08-26T03:18:45+00:00","dateModified":"2023-05-22T14:53:50+00:00","description":"Somos Carpinter\u00eda Rey, empresa especializada en trabajos y dise\u00f1os en madera desde 1970. Profesionalidad y el trato cercano con el cliente.","breadcrumb":{"@id":"https:\/\/carpinteriarey.es\/sobre_nosotros\/#breadcrumb"},"inLanguage":"gl-ES","potentialAction":[{"@type":"ReadAction","target":["https:\/\/carpinteriarey.es\/sobre_nosotros\/"]}]},{"@type":"ImageObject","inLanguage":"gl-ES","@id":"https:\/\/carpinteriarey.es\/sobre_nosotros\/#primaryimage","url":"https:\/\/carpinteriarey.es\/wp-content\/uploads\/2023\/03\/furgon.jpg","contentUrl":"https:\/\/carpinteriarey.es\/wp-content\/uploads\/2023\/03\/furgon.jpg","width":2048,"height":1536,"caption":"Furg\u00f3n carpinter\u00eda rey"},{"@type":"BreadcrumbList","@id":"https:\/\/carpinteriarey.es\/sobre_nosotros\/#breadcrumb","itemListElement":[{"@type":"ListItem","position":1,"name":"Portada","item":"https:\/\/carpinteriarey.es\/"},{"@type":"ListItem","position":2,"name":"Sobre nosotros"}]},{"@type":"WebSite","@id":"https:\/\/carpinteriarey.es\/#website","url":"https:\/\/carpinteriarey.es\/","name":"Carpinter\u00eda Rey","description":"Carpinter\u00eda Rey","publisher":{"@id":"https:\/\/carpinteriarey.es\/#\/schema\/person\/11aed851bf6eda10dfd6d20086996ce8"},"potentialAction":[{"@type":"SearchAction","target":{"@type":"EntryPoint","urlTemplate":"https:\/\/carpinteriarey.es\/?s={search_term_string}"},"query-input":"required name=search_term_string"}],"inLanguage":"gl-ES"},{"@type":["Person","Organization"],"@id":"https:\/\/carpinteriarey.es\/#\/schema\/person\/11aed851bf6eda10dfd6d20086996ce8","name":"Carlos Rey","image":{"@type":"ImageObject","inLanguage":"gl-ES","@id":"https:\/\/carpinteriarey.es\/#\/schema\/person\/image\/","url":"http:\/\/carpinteriarey.es\/wp-content\/uploads\/2023\/04\/logo_pancho.png","contentUrl":"http:\/\/carpinteriarey.es\/wp-content\/uploads\/2023\/04\/logo_pancho.png","width":357,"height":144,"caption":"Carlos Rey"},"logo":{"@id":"https:\/\/carpinteriarey.es\/#\/schema\/person\/image\/"},"sameAs":["http:\/\/carpinteriarey.es","https:\/\/www.facebook.com\/profile.php?id=100057184070586"]}]}},"_links":{"self":[{"href":"https:\/\/carpinteriarey.es\/gl\/wp-json\/wp\/v2\/pages\/3921"}],"collection":[{"href":"https:\/\/carpinteriarey.es\/gl\/wp-json\/wp\/v2\/pages"}],"about":[{"href":"https:\/\/carpinteriarey.es\/gl\/wp-json\/wp\/v2\/types\/page"}],"author":[{"embeddable":true,"href":"https:\/\/carpinteriarey.es\/gl\/wp-json\/wp\/v2\/users\/1"}],"replies":[{"embeddable":true,"href":"https:\/\/carpinteriarey.es\/gl\/wp-json\/wp\/v2\/comments?post=3921"}],"version-history":[{"count":52,"href":"https:\/\/carpinteriarey.es\/gl\/wp-json\/wp\/v2\/pages\/3921\/revisions"}],"predecessor-version":[{"id":4288,"href":"https:\/\/carpinteriarey.es\/gl\/wp-json\/wp\/v2\/pages\/3921\/revisions\/4288"}],"wp:attachment":[{"href":"https:\/\/carpinteriarey.es\/gl\/wp-json\/wp\/v2\/media?parent=3921"}],"curies":[{"name":"wp","href":"https:\/\/api.w.org\/{rel}","templated":true}]}}